{"id":491,"date":"2015-09-28T12:45:37","date_gmt":"2015-09-28T16:45:37","guid":{"rendered":"http:\/\/www.rsas.info\/en\/certifications-et-affiliations\/"},"modified":"2025-03-01T16:06:45","modified_gmt":"2025-03-01T21:06:45","slug":"certifications-et-affiliations","status":"publish","type":"page","link":"https:\/\/www.rsas.ca\/en\/about-rive-sud-apres-sinistre\/certifications-et-affiliations\/","title":{"rendered":"Certifications and affiliations"},"content":{"rendered":"<p><img loading=\"lazy\" decoding=\"async\" class=\"alignnone size-full wp-image-749\" src=\"https:\/\/www.rsas.ca\/wp-content\/uploads\/2015\/09\/section-certifications-1250.jpg\" alt=\"section-certifications-1250\" width=\"1250\" height=\"500\" srcset=\"https:\/\/www.rsas.ca\/wp-content\/uploads\/2015\/09\/section-certifications-1250.jpg 1250w, https:\/\/www.rsas.ca\/wp-content\/uploads\/2015\/09\/section-certifications-1250-300x120.jpg 300w, https:\/\/www.rsas.ca\/wp-content\/uploads\/2015\/09\/section-certifications-1250-1024x410.jpg 1024w, https:\/\/www.rsas.ca\/wp-content\/uploads\/2015\/09\/section-certifications-1250-1080x432.jpg 1080w\" sizes=\"(max-width: 1250px) 100vw, 1250px\" \/><\/p>\n<p>RSAS bases its success on quality training and acquired certifications recognized in the field. All our employees receive continuous training in order to keep their knowledge up-to-date in accordance with insurance company requirements.<\/p>\n<ul>\n<li>Cleaning of commercial ventilation ducts<\/li>\n<li>Drying and restauration of documents \u2013 RSA Certification Program<\/li>\n<li>Microbial decontamination \u2013 RSA Certification Program<\/li>\n<\/ul>\n<h2>Accreditations and licences<\/h2>\n<ul>\n<li><em>Association de la Construction du Qu\u00e9bec<\/em> (ACQ)<\/li>\n<li><em>Restoration Industry Association<\/em> (RIA)<\/li>\n<li><em>R\u00e9gie du b\u00e2timent du Qu\u00e9bec<\/em> \u2013 (RBQ 5639-3309-01)<\/li>\n<li>Plan de Garantie de Construction R\u00e9sidentielle (GCR)<\/li>\n<\/ul>\n","protected":false},"excerpt":{"rendered":"<p>RSAS bases its success on quality training and acquired certifications recognized in the field. All our employees receive continuous training in order to keep their knowledge up-to-date in accordance with insurance company requirements. Cleaning of commercial ventilation ducts Drying and restauration of documents \u2013 RSA Certification Program Microbial decontamination \u2013 RSA Certification Program Accreditations and [&hellip;]<\/p>\n","protected":false},"author":1,"featured_media":0,"parent":1055,"menu_order":0,"comment_status":"closed","ping_status":"closed","template":"","meta":{"_et_pb_use_builder":"","_et_pb_old_content":"","_et_gb_content_width":"","footnotes":""},"class_list":["post-491","page","type-page","status-publish","hentry"],"_links":{"self":[{"href":"https:\/\/www.rsas.ca\/en\/wp-json\/wp\/v2\/pages\/491","targetHints":{"allow":["GET"]}}],"collection":[{"href":"https:\/\/www.rsas.ca\/en\/wp-json\/wp\/v2\/pages"}],"about":[{"href":"https:\/\/www.rsas.ca\/en\/wp-json\/wp\/v2\/types\/page"}],"author":[{"embeddable":true,"href":"https:\/\/www.rsas.ca\/en\/wp-json\/wp\/v2\/users\/1"}],"replies":[{"embeddable":true,"href":"https:\/\/www.rsas.ca\/en\/wp-json\/wp\/v2\/comments?post=491"}],"version-history":[{"count":1,"href":"https:\/\/www.rsas.ca\/en\/wp-json\/wp\/v2\/pages\/491\/revisions"}],"predecessor-version":[{"id":1156,"href":"https:\/\/www.rsas.ca\/en\/wp-json\/wp\/v2\/pages\/491\/revisions\/1156"}],"up":[{"embeddable":true,"href":"https:\/\/www.rsas.ca\/en\/wp-json\/wp\/v2\/pages\/1055"}],"wp:attachment":[{"href":"https:\/\/www.rsas.ca\/en\/wp-json\/wp\/v2\/media?parent=491"}],"curies":[{"name":"wp","href":"https:\/\/api.w.org\/{rel}","templated":true}]}}